{"id":342,"date":"2020-03-02T19:29:34","date_gmt":"2020-03-02T19:29:34","guid":{"rendered":"http:\/\/progenbenin.org\/?page_id=342"},"modified":"2020-03-04T00:44:34","modified_gmt":"2020-03-04T00:44:34","slug":"millennium-school","status":"publish","type":"page","link":"https:\/\/progenbenin.org\/en\/millennium-school\/","title":{"rendered":"Millennium School"},"content":{"rendered":"<p>[fusion_builder_container hundred_percent=\u00a0\u00bbyes\u00a0\u00bb hundred_percent_height=\u00a0\u00bbno\u00a0\u00bb hundred_percent_height_scroll=\u00a0\u00bbno\u00a0\u00bb hundred_percent_height_center_content=\u00a0\u00bbyes\u00a0\u00bb equal_height_columns=\u00a0\u00bbno\u00a0\u00bb menu_anchor=\u00a0\u00bb\u00a0\u00bb hide_on_mobile=\u00a0\u00bbsmall-visibility,medium-visibility,large-visibility\u00a0\u00bb status=\u00a0\u00bbpublished\u00a0\u00bb publish_date=\u00a0\u00bb\u00a0\u00bb class=\u00a0\u00bb\u00a0\u00bb id=\u00a0\u00bb\u00a0\u00bb background_color=\u00a0\u00bb\u00a0\u00bb background_image=\u00a0\u00bbhttp:\/\/progenbenin.org\/wp-content\/uploads\/2020\/02\/73038737_452713428933440_5957475503362277376_o.jpg\u00a0\u00bb background_position=\u00a0\u00bbcenter center\u00a0\u00bb background_repeat=\u00a0\u00bbno-repeat\u00a0\u00bb fade=\u00a0\u00bbno\u00a0\u00bb background_parallax=\u00a0\u00bbnone\u00a0\u00bb enable_mobile=\u00a0\u00bbno\u00a0\u00bb parallax_speed=\u00a0\u00bb0.3&Prime; video_mp4=\u00a0\u00bb\u00a0\u00bb video_webm=\u00a0\u00bb\u00a0\u00bb video_ogv=\u00a0\u00bb\u00a0\u00bb video_url=\u00a0\u00bb\u00a0\u00bb video_aspect_ratio=\u00a0\u00bb16:9&Prime; video_loop=\u00a0\u00bbyes\u00a0\u00bb video_mute=\u00a0\u00bbyes\u00a0\u00bb video_preview_image=\u00a0\u00bb\u00a0\u00bb border_size=\u00a0\u00bb\u00a0\u00bb border_color=\u00a0\u00bb\u00a0\u00bb border_style=\u00a0\u00bbsolid\u00a0\u00bb margin_top=\u00a0\u00bb0px\u00a0\u00bb margin_bottom=\u00a0\u00bb0px\u00a0\u00bb padding_top=\u00a0\u00bb0px\u00a0\u00bb padding_right=\u00a0\u00bb\u00a0\u00bb padding_bottom=\u00a0\u00bb0px\u00a0\u00bb padding_left=\u00a0\u00bb\u00a0\u00bb][fusion_builder_row][fusion_builder_column type=\u00a0\u00bb1_1&Prime; layout=\u00a0\u00bb1_1&Prime; spacing=\u00a0\u00bb\u00a0\u00bb center_content=\u00a0\u00bbno\u00a0\u00bb link=\u00a0\u00bb\u00a0\u00bb target=\u00a0\u00bb_self\u00a0\u00bb min_height=\u00a0\u00bb\u00a0\u00bb hide_on_mobile=\u00a0\u00bbsmall-visibility,medium-visibility,large-visibility\u00a0\u00bb class=\u00a0\u00bb\u00a0\u00bb id=\u00a0\u00bb\u00a0\u00bb background_image_id=\u00a0\u00bb\u00a0\u00bb background_color=\u00a0\u00bb\u00a0\u00bb background_image=\u00a0\u00bb\u00a0\u00bb background_position=\u00a0\u00bbleft top\u00a0\u00bb undefined=\u00a0\u00bb\u00a0\u00bb background_repeat=\u00a0\u00bbno-repeat\u00a0\u00bb hover_type=\u00a0\u00bbnone\u00a0\u00bb border_size=\u00a0\u00bb0&Prime; border_color=\u00a0\u00bb\u00a0\u00bb border_style=\u00a0\u00bbsolid\u00a0\u00bb border_position=\u00a0\u00bball\u00a0\u00bb border_radius_top_left=\u00a0\u00bb\u00a0\u00bb border_radius_top_right=\u00a0\u00bb\u00a0\u00bb border_radius_bottom_left=\u00a0\u00bb\u00a0\u00bb border_radius_bottom_right=\u00a0\u00bb\u00a0\u00bb box_shadow=\u00a0\u00bbno\u00a0\u00bb box_shadow_vertical=\u00a0\u00bb\u00a0\u00bb box_shadow_horizontal=\u00a0\u00bb\u00a0\u00bb box_shadow_blur=\u00a0\u00bb0&Prime; box_shadow_spread=\u00a0\u00bb0&Prime; box_shadow_color=\u00a0\u00bb\u00a0\u00bb box_shadow_style=\u00a0\u00bb\u00a0\u00bb padding_top=\u00a0\u00bb0px\u00a0\u00bb padding_right=\u00a0\u00bb\u00a0\u00bb padding_bottom=\u00a0\u00bb0px\u00a0\u00bb padding_left=\u00a0\u00bb\u00a0\u00bb margin_top=\u00a0\u00bb0px\u00a0\u00bb margin_bottom=\u00a0\u00bb0px\u00a0\u00bb animation_type=\u00a0\u00bb\u00a0\u00bb animation_direction=\u00a0\u00bbleft\u00a0\u00bb animation_speed=\u00a0\u00bb0.3&Prime; animation_offset=\u00a0\u00bb\u00a0\u00bb last=\u00a0\u00bbno\u00a0\u00bb][fusion_separator style_type=\u00a0\u00bbnone\u00a0\u00bb hide_on_mobile=\u00a0\u00bbsmall-visibility,medium-visibility,large-visibility\u00a0\u00bb class=\u00a0\u00bb\u00a0\u00bb id=\u00a0\u00bb\u00a0\u00bb sep_color=\u00a0\u00bb\u00a0\u00bb top_margin=\u00a0\u00bb100px\u00a0\u00bb bottom_margin=\u00a0\u00bb100px\u00a0\u00bb border_size=\u00a0\u00bb\u00a0\u00bb icon=\u00a0\u00bb\u00a0\u00bb icon_circle=\u00a0\u00bb\u00a0\u00bb icon_circle_color=\u00a0\u00bb\u00a0\u00bb width=\u00a0\u00bb\u00a0\u00bb alignment=\u00a0\u00bbcenter\u00a0\u00bb \/][fusion_text columns=\u00a0\u00bb\u00a0\u00bb column_min_width=\u00a0\u00bb\u00a0\u00bb column_spacing=\u00a0\u00bb\u00a0\u00bb rule_style=\u00a0\u00bbdefault\u00a0\u00bb rule_size=\u00a0\u00bb\u00a0\u00bb rule_color=\u00a0\u00bb\u00a0\u00bb hide_on_mobile=\u00a0\u00bbsmall-visibility,medium-visibility,large-visibility\u00a0\u00bb class=\u00a0\u00bb\u00a0\u00bb id=\u00a0\u00bb\u00a0\u00bb]<\/p>\n<h2 style=\"text-align: center; color: white; background-color: #0B0B3B;\">Millennium School<\/h2>\n<p>[\/fusion_text][fusion_separator style_type=\u00a0\u00bbnone\u00a0\u00bb hide_on_mobile=\u00a0\u00bbsmall-visibility,medium-visibility,large-visibility\u00a0\u00bb class=\u00a0\u00bb\u00a0\u00bb id=\u00a0\u00bb\u00a0\u00bb sep_color=\u00a0\u00bb\u00a0\u00bb top_margin=\u00a0\u00bb80px\u00a0\u00bb bottom_margin=\u00a0\u00bb80px\u00a0\u00bb border_size=\u00a0\u00bb\u00a0\u00bb icon=\u00a0\u00bb\u00a0\u00bb icon_circle=\u00a0\u00bb\u00a0\u00bb icon_circle_color=\u00a0\u00bb\u00a0\u00bb width=\u00a0\u00bb\u00a0\u00bb alignment=\u00a0\u00bbcenter\u00a0\u00bb \/][\/fusion_builder_column][fusion_builder_column type=\u00a0\u00bb1_1&Prime; layout=\u00a0\u00bb1_1&Prime; spacing=\u00a0\u00bb\u00a0\u00bb center_content=\u00a0\u00bbno\u00a0\u00bb link=\u00a0\u00bb\u00a0\u00bb target=\u00a0\u00bb_self\u00a0\u00bb min_height=\u00a0\u00bb\u00a0\u00bb hide_on_mobile=\u00a0\u00bbsmall-visibility,medium-visibility,large-visibility\u00a0\u00bb class=\u00a0\u00bb\u00a0\u00bb id=\u00a0\u00bb\u00a0\u00bb background_image_id=\u00a0\u00bb\u00a0\u00bb background_color=\u00a0\u00bb\u00a0\u00bb background_image=\u00a0\u00bb\u00a0\u00bb background_position=\u00a0\u00bbleft top\u00a0\u00bb undefined=\u00a0\u00bb\u00a0\u00bb background_repeat=\u00a0\u00bbno-repeat\u00a0\u00bb hover_type=\u00a0\u00bbnone\u00a0\u00bb border_size=\u00a0\u00bb0&Prime; border_color=\u00a0\u00bb\u00a0\u00bb border_style=\u00a0\u00bbsolid\u00a0\u00bb border_position=\u00a0\u00bball\u00a0\u00bb border_radius_top_left=\u00a0\u00bb\u00a0\u00bb border_radius_top_right=\u00a0\u00bb\u00a0\u00bb border_radius_bottom_left=\u00a0\u00bb\u00a0\u00bb border_radius_bottom_right=\u00a0\u00bb\u00a0\u00bb box_shadow=\u00a0\u00bbno\u00a0\u00bb box_shadow_vertical=\u00a0\u00bb\u00a0\u00bb box_shadow_horizontal=\u00a0\u00bb\u00a0\u00bb box_shadow_blur=\u00a0\u00bb0&Prime; box_shadow_spread=\u00a0\u00bb0&Prime; box_shadow_color=\u00a0\u00bb\u00a0\u00bb box_shadow_style=\u00a0\u00bb\u00a0\u00bb padding_top=\u00a0\u00bb0px\u00a0\u00bb padding_right=\u00a0\u00bb\u00a0\u00bb padding_bottom=\u00a0\u00bb0px\u00a0\u00bb padding_left=\u00a0\u00bb\u00a0\u00bb margin_top=\u00a0\u00bb0px\u00a0\u00bb margin_bottom=\u00a0\u00bb-5px\u00a0\u00bb animation_type=\u00a0\u00bb\u00a0\u00bb animation_direction=\u00a0\u00bbleft\u00a0\u00bb animation_speed=\u00a0\u00bb0.3&Prime; animation_offset=\u00a0\u00bb\u00a0\u00bb last=\u00a0\u00bbno\u00a0\u00bb][fusion_section_separator divider_type=\u00a0\u00bbhills_opacity\u00a0\u00bb divider_position=\u00a0\u00bbleft\u00a0\u00bb divider_candy=\u00a0\u00bbtop\u00a0\u00bb icon=\u00a0\u00bb\u00a0\u00bb icon_color=\u00a0\u00bb\u00a0\u00bb bordersize=\u00a0\u00bb\u00a0\u00bb bordercolor=\u00a0\u00bb\u00a0\u00bb backgroundcolor=\u00a0\u00bb#f7f7f7&Prime; hide_on_mobile=\u00a0\u00bbsmall-visibility,medium-visibility,large-visibility\u00a0\u00bb class=\u00a0\u00bb\u00a0\u00bb id=\u00a0\u00bb\u00a0\u00bb \/][\/fusion_builder_column][\/fusion_builder_row][\/fusion_builder_container][fusion_builder_container hundred_percent=\u00a0\u00bbno\u00a0\u00bb hundred_percent_height=\u00a0\u00bbno\u00a0\u00bb hundred_percent_height_scroll=\u00a0\u00bbno\u00a0\u00bb hundred_percent_height_center_content=\u00a0\u00bbyes\u00a0\u00bb equal_height_columns=\u00a0\u00bbno\u00a0\u00bb menu_anchor=\u00a0\u00bb\u00a0\u00bb hide_on_mobile=\u00a0\u00bbsmall-visibility,medium-visibility,large-visibility\u00a0\u00bb status=\u00a0\u00bbpublished\u00a0\u00bb publish_date=\u00a0\u00bb\u00a0\u00bb class=\u00a0\u00bb\u00a0\u00bb id=\u00a0\u00bb\u00a0\u00bb background_color=\u00a0\u00bb\u00a0\u00bb background_image=\u00a0\u00bb\u00a0\u00bb background_position=\u00a0\u00bbcenter center\u00a0\u00bb background_repeat=\u00a0\u00bbno-repeat\u00a0\u00bb fade=\u00a0\u00bbno\u00a0\u00bb background_parallax=\u00a0\u00bbnone\u00a0\u00bb enable_mobile=\u00a0\u00bbno\u00a0\u00bb parallax_speed=\u00a0\u00bb0.3&Prime; video_mp4=\u00a0\u00bb\u00a0\u00bb video_webm=\u00a0\u00bb\u00a0\u00bb video_ogv=\u00a0\u00bb\u00a0\u00bb video_url=\u00a0\u00bb\u00a0\u00bb video_aspect_ratio=\u00a0\u00bb16:9&Prime; video_loop=\u00a0\u00bbyes\u00a0\u00bb video_mute=\u00a0\u00bbyes\u00a0\u00bb video_preview_image=\u00a0\u00bb\u00a0\u00bb border_size=\u00a0\u00bb\u00a0\u00bb border_color=\u00a0\u00bb\u00a0\u00bb border_style=\u00a0\u00bbsolid\u00a0\u00bb margin_top=\u00a0\u00bb0px\u00a0\u00bb margin_bottom=\u00a0\u00bb\u00a0\u00bb padding_top=\u00a0\u00bb60px\u00a0\u00bb padding_right=\u00a0\u00bb\u00a0\u00bb padding_bottom=\u00a0\u00bb60px\u00a0\u00bb padding_left=\u00a0\u00bb\u00a0\u00bb admin_toggled=\u00a0\u00bbno\u00a0\u00bb][fusion_builder_row][fusion_builder_column type=\u00a0\u00bb1_1&Prime; layout=\u00a0\u00bb1_1&Prime; spacing=\u00a0\u00bb\u00a0\u00bb center_content=\u00a0\u00bbno\u00a0\u00bb link=\u00a0\u00bb\u00a0\u00bb target=\u00a0\u00bb_self\u00a0\u00bb min_height=\u00a0\u00bb\u00a0\u00bb hide_on_mobile=\u00a0\u00bbsmall-visibility,medium-visibility,large-visibility\u00a0\u00bb class=\u00a0\u00bb\u00a0\u00bb id=\u00a0\u00bb\u00a0\u00bb background_image_id=\u00a0\u00bb\u00a0\u00bb background_color=\u00a0\u00bb\u00a0\u00bb background_image=\u00a0\u00bb\u00a0\u00bb background_position=\u00a0\u00bbleft top\u00a0\u00bb undefined=\u00a0\u00bb\u00a0\u00bb background_repeat=\u00a0\u00bbno-repeat\u00a0\u00bb hover_type=\u00a0\u00bbnone\u00a0\u00bb border_size=\u00a0\u00bb0&Prime; border_color=\u00a0\u00bb\u00a0\u00bb border_style=\u00a0\u00bbsolid\u00a0\u00bb border_position=\u00a0\u00bball\u00a0\u00bb border_radius_top_left=\u00a0\u00bb\u00a0\u00bb border_radius_top_right=\u00a0\u00bb\u00a0\u00bb border_radius_bottom_left=\u00a0\u00bb\u00a0\u00bb border_radius_bottom_right=\u00a0\u00bb\u00a0\u00bb box_shadow=\u00a0\u00bbno\u00a0\u00bb box_shadow_vertical=\u00a0\u00bb\u00a0\u00bb box_shadow_horizontal=\u00a0\u00bb\u00a0\u00bb box_shadow_blur=\u00a0\u00bb0&Prime; box_shadow_spread=\u00a0\u00bb0&Prime; box_shadow_color=\u00a0\u00bb\u00a0\u00bb box_shadow_style=\u00a0\u00bb\u00a0\u00bb padding_top=\u00a0\u00bb0px\u00a0\u00bb padding_right=\u00a0\u00bb10%\u00a0\u00bb padding_bottom=\u00a0\u00bb\u00a0\u00bb padding_left=\u00a0\u00bb10%\u00a0\u00bb margin_top=\u00a0\u00bb0px\u00a0\u00bb margin_bottom=\u00a0\u00bb\u00a0\u00bb animation_type=\u00a0\u00bb\u00a0\u00bb animation_direction=\u00a0\u00bbleft\u00a0\u00bb animation_speed=\u00a0\u00bb0.3&Prime; animation_offset=\u00a0\u00bb\u00a0\u00bb last=\u00a0\u00bbno\u00a0\u00bb][fusion_separator style_type=\u00a0\u00bbdefault\u00a0\u00bb hide_on_mobile=\u00a0\u00bbsmall-visibility,medium-visibility,large-visibility\u00a0\u00bb class=\u00a0\u00bb\u00a0\u00bb id=\u00a0\u00bb\u00a0\u00bb sep_color=\u00a0\u00bb#082765&Prime; top_margin=\u00a0\u00bb\u00a0\u00bb bottom_margin=\u00a0\u00bb30px\u00a0\u00bb border_size=\u00a0\u00bb\u00a0\u00bb icon=\u00a0\u00bb\u00a0\u00bb icon_circle=\u00a0\u00bb\u00a0\u00bb icon_circle_color=\u00a0\u00bb\u00a0\u00bb width=\u00a0\u00bb50px\u00a0\u00bb alignment=\u00a0\u00bbleft\u00a0\u00bb \/][fusion_text columns=\u00a0\u00bb\u00a0\u00bb column_min_width=\u00a0\u00bb\u00a0\u00bb column_spacing=\u00a0\u00bb\u00a0\u00bb rule_style=\u00a0\u00bbdefault\u00a0\u00bb rule_size=\u00a0\u00bb\u00a0\u00bb rule_color=\u00a0\u00bb\u00a0\u00bb hide_on_mobile=\u00a0\u00bbsmall-visibility,medium-visibility,large-visibility\u00a0\u00bb class=\u00a0\u00bb\u00a0\u00bb id=\u00a0\u00bb\u00a0\u00bb]<\/p>\n<p style=\"text-align: justify;\">\u00ab\u00a0Millennium School\u00a0\u00bb est un projet qui consiste \u00e0 contribuer \u00e0 l\u2019am\u00e9lioration des conditions de vie des \u00e9l\u00e8ves sur toute l\u2019\u00e9tendue du territoire b\u00e9ninois et de mobiliser des ressources au profit des communaut\u00e9s et de leurs \u00e9coles. Afin d\u2019am\u00e9liorer la qualit\u00e9 de l\u2019\u00e9ducation des \u00e9coliers, ProGen mobilise des livres, des manuels, des tableaux et des lampes solaires afin que les \u00e9tudiants puissent continuer leur \u00e9ducation dans de meilleures conditions.<\/p>\n<p style=\"text-align: justify;\">La premi\u00e8re \u00e9dition a eu lieu\u00a0 le 11 octobre 2019 \u00e0 travers une remise de kits, et de mat\u00e9riels p\u00e9dagogiques et didactiques au profit des \u00e9l\u00e8ves de l\u2019Ecole primaire publique de SONRI situ\u00e9e \u00e0 5km de Nikki. En plus des mat\u00e9riels p\u00e9dagogiques et didactiques, ProGen a \u0153uvr\u00e9 pour la construction d\u2019un puits d\u2019eau au profit du village.<\/p>\n<p>[\/fusion_text][fusion_separator style_type=\u00a0\u00bbnone\u00a0\u00bb hide_on_mobile=\u00a0\u00bbsmall-visibility,medium-visibility,large-visibility\u00a0\u00bb class=\u00a0\u00bb\u00a0\u00bb id=\u00a0\u00bb\u00a0\u00bb sep_color=\u00a0\u00bb\u00a0\u00bb top_margin=\u00a0\u00bb\u00a0\u00bb bottom_margin=\u00a0\u00bb30px\u00a0\u00bb border_size=\u00a0\u00bb\u00a0\u00bb icon=\u00a0\u00bb\u00a0\u00bb icon_circle=\u00a0\u00bb\u00a0\u00bb icon_circle_color=\u00a0\u00bb\u00a0\u00bb width=\u00a0\u00bb\u00a0\u00bb alignment=\u00a0\u00bbcenter\u00a0\u00bb \/][fusion_gallery layout=\u00a0\u00bb\u00a0\u00bb picture_size=\u00a0\u00bbfixed\u00a0\u00bb columns=\u00a0\u00bb\u00a0\u00bb column_spacing=\u00a0\u00bb10&Prime; gallery_masonry_grid_ratio=\u00a0\u00bb\u00a0\u00bb gallery_masonry_width_double=\u00a0\u00bb\u00a0\u00bb hover_type=\u00a0\u00bb\u00a0\u00bb lightbox=\u00a0\u00bbyes\u00a0\u00bb lightbox_content=\u00a0\u00bb\u00a0\u00bb bordersize=\u00a0\u00bb\u00a0\u00bb bordercolor=\u00a0\u00bb\u00a0\u00bb border_radius=\u00a0\u00bb\u00a0\u00bb hide_on_mobile=\u00a0\u00bbsmall-visibility,medium-visibility,large-visibility\u00a0\u00bb class=\u00a0\u00bb\u00a0\u00bb id=\u00a0\u00bb\u00a0\u00bb][fusion_gallery_image image=\u00a0\u00bbhttp:\/\/progenbenin.org\/wp-content\/uploads\/2020\/02\/73038737_452713428933440_5957475503362277376_o.jpg\u00a0\u00bb image_id=\u00a0\u00bb284|full\u00a0\u00bb link=\u00a0\u00bb\u00a0\u00bb linktarget=\u00a0\u00bb_self\u00a0\u00bb \/][\/fusion_gallery][\/fusion_builder_column][\/fusion_builder_row][\/fusion_builder_container][fusion_builder_container hundred_percent=\u00a0\u00bbno\u00a0\u00bb hundred_percent_height=\u00a0\u00bbno\u00a0\u00bb hundred_percent_height_scroll=\u00a0\u00bbno\u00a0\u00bb hundred_percent_height_center_content=\u00a0\u00bbyes\u00a0\u00bb equal_height_columns=\u00a0\u00bbno\u00a0\u00bb menu_anchor=\u00a0\u00bb\u00a0\u00bb hide_on_mobile=\u00a0\u00bbsmall-visibility,medium-visibility,large-visibility\u00a0\u00bb status=\u00a0\u00bbpublished\u00a0\u00bb publish_date=\u00a0\u00bb\u00a0\u00bb class=\u00a0\u00bb\u00a0\u00bb id=\u00a0\u00bb\u00a0\u00bb background_color=\u00a0\u00bb\u00a0\u00bb background_image=\u00a0\u00bbhttp:\/\/progenbenin.org\/wp-content\/uploads\/2019\/07\/join.jpg\u00a0\u00bb background_position=\u00a0\u00bbcenter center\u00a0\u00bb background_repeat=\u00a0\u00bbno-repeat\u00a0\u00bb fade=\u00a0\u00bbno\u00a0\u00bb background_parallax=\u00a0\u00bbnone\u00a0\u00bb enable_mobile=\u00a0\u00bbno\u00a0\u00bb parallax_speed=\u00a0\u00bb0.3&Prime; video_mp4=\u00a0\u00bb\u00a0\u00bb video_webm=\u00a0\u00bb\u00a0\u00bb video_ogv=\u00a0\u00bb\u00a0\u00bb video_url=\u00a0\u00bb\u00a0\u00bb video_aspect_ratio=\u00a0\u00bb16:9&Prime; video_loop=\u00a0\u00bbyes\u00a0\u00bb video_mute=\u00a0\u00bbyes\u00a0\u00bb video_preview_image=\u00a0\u00bb\u00a0\u00bb border_size=\u00a0\u00bb\u00a0\u00bb border_color=\u00a0\u00bb\u00a0\u00bb border_style=\u00a0\u00bbsolid\u00a0\u00bb margin_top=\u00a0\u00bb0px\u00a0\u00bb margin_bottom=\u00a0\u00bb\u00a0\u00bb padding_top=\u00a0\u00bb0px\u00a0\u00bb padding_right=\u00a0\u00bb\u00a0\u00bb padding_bottom=\u00a0\u00bb80px\u00a0\u00bb padding_left=\u00a0\u00bb\u00a0\u00bb admin_toggled=\u00a0\u00bbno\u00a0\u00bb][fusion_builder_row][fusion_builder_column type=\u00a0\u00bb1_1&Prime; layout=\u00a0\u00bb1_1&Prime; spacing=\u00a0\u00bb\u00a0\u00bb center_content=\u00a0\u00bbno\u00a0\u00bb link=\u00a0\u00bb\u00a0\u00bb target=\u00a0\u00bb_self\u00a0\u00bb min_height=\u00a0\u00bb\u00a0\u00bb hide_on_mobile=\u00a0\u00bbsmall-visibility,medium-visibility,large-visibility\u00a0\u00bb class=\u00a0\u00bb\u00a0\u00bb id=\u00a0\u00bb\u00a0\u00bb background_color=\u00a0\u00bb\u00a0\u00bb background_image=\u00a0\u00bb\u00a0\u00bb background_image_id=\u00a0\u00bb\u00a0\u00bb background_position=\u00a0\u00bbleft top\u00a0\u00bb background_repeat=\u00a0\u00bbno-repeat\u00a0\u00bb hover_type=\u00a0\u00bbnone\u00a0\u00bb border_size=\u00a0\u00bb0&Prime; border_color=\u00a0\u00bb\u00a0\u00bb border_style=\u00a0\u00bbsolid\u00a0\u00bb border_position=\u00a0\u00bball\u00a0\u00bb border_radius=\u00a0\u00bb\u00a0\u00bb box_shadow=\u00a0\u00bbno\u00a0\u00bb dimension_box_shadow=\u00a0\u00bb\u00a0\u00bb box_shadow_blur=\u00a0\u00bb0&Prime; box_shadow_spread=\u00a0\u00bb0&Prime; box_shadow_color=\u00a0\u00bb\u00a0\u00bb box_shadow_style=\u00a0\u00bb\u00a0\u00bb padding_top=\u00a0\u00bb\u00a0\u00bb padding_right=\u00a0\u00bb\u00a0\u00bb padding_bottom=\u00a0\u00bb\u00a0\u00bb padding_left=\u00a0\u00bb\u00a0\u00bb margin_top=\u00a0\u00bb\u00a0\u00bb margin_bottom=\u00a0\u00bb\u00a0\u00bb animation_type=\u00a0\u00bb\u00a0\u00bb animation_direction=\u00a0\u00bbleft\u00a0\u00bb animation_speed=\u00a0\u00bb0.3&Prime; animation_offset=\u00a0\u00bb\u00a0\u00bb last=\u00a0\u00bbno\u00a0\u00bb][fusion_section_separator divider_type=\u00a0\u00bbtriangle\u00a0\u00bb divider_position=\u00a0\u00bbcenter\u00a0\u00bb divider_candy=\u00a0\u00bbbottom\u00a0\u00bb icon=\u00a0\u00bb\u00a0\u00bb icon_color=\u00a0\u00bb\u00a0\u00bb bordersize=\u00a0\u00bb\u00a0\u00bb bordercolor=\u00a0\u00bb\u00a0\u00bb backgroundcolor=\u00a0\u00bb#ffffff\u00a0\u00bb hide_on_mobile=\u00a0\u00bbsmall-visibility,medium-visibility,large-visibility\u00a0\u00bb class=\u00a0\u00bb\u00a0\u00bb id=\u00a0\u00bb\u00a0\u00bb \/][fusion_separator style_type=\u00a0\u00bbnone\u00a0\u00bb hide_on_mobile=\u00a0\u00bbsmall-visibility,medium-visibility,large-visibility\u00a0\u00bb class=\u00a0\u00bb\u00a0\u00bb id=\u00a0\u00bb\u00a0\u00bb sep_color=\u00a0\u00bb\u00a0\u00bb top_margin=\u00a0\u00bb30px\u00a0\u00bb bottom_margin=\u00a0\u00bb30px\u00a0\u00bb border_size=\u00a0\u00bb\u00a0\u00bb icon=\u00a0\u00bb\u00a0\u00bb icon_circle=\u00a0\u00bb\u00a0\u00bb icon_circle_color=\u00a0\u00bb\u00a0\u00bb width=\u00a0\u00bb\u00a0\u00bb alignment=\u00a0\u00bbcenter\u00a0\u00bb \/][\/fusion_builder_column][fusion_builder_column type=\u00a0\u00bb1_1&Prime; layout=\u00a0\u00bb1_1&Prime; spacing=\u00a0\u00bb\u00a0\u00bb center_content=\u00a0\u00bbno\u00a0\u00bb link=\u00a0\u00bb\u00a0\u00bb target=\u00a0\u00bb_self\u00a0\u00bb min_height=\u00a0\u00bb\u00a0\u00bb hide_on_mobile=\u00a0\u00bbsmall-visibility,medium-visibility,large-visibility\u00a0\u00bb class=\u00a0\u00bb\u00a0\u00bb id=\u00a0\u00bb\u00a0\u00bb background_color=\u00a0\u00bb\u00a0\u00bb background_image=\u00a0\u00bb\u00a0\u00bb background_image_id=\u00a0\u00bb\u00a0\u00bb background_position=\u00a0\u00bbleft top\u00a0\u00bb background_repeat=\u00a0\u00bbno-repeat\u00a0\u00bb hover_type=\u00a0\u00bbnone\u00a0\u00bb border_size=\u00a0\u00bb0&Prime; border_color=\u00a0\u00bb\u00a0\u00bb border_style=\u00a0\u00bbsolid\u00a0\u00bb border_position=\u00a0\u00bball\u00a0\u00bb border_radius=\u00a0\u00bb\u00a0\u00bb box_shadow=\u00a0\u00bbno\u00a0\u00bb dimension_box_shadow=\u00a0\u00bb\u00a0\u00bb box_shadow_blur=\u00a0\u00bb0&Prime; box_shadow_spread=\u00a0\u00bb0&Prime; box_shadow_color=\u00a0\u00bb\u00a0\u00bb box_shadow_style=\u00a0\u00bb\u00a0\u00bb padding_top=\u00a0\u00bb\u00a0\u00bb padding_right=\u00a0\u00bb\u00a0\u00bb padding_bottom=\u00a0\u00bb\u00a0\u00bb padding_left=\u00a0\u00bb\u00a0\u00bb margin_top=\u00a0\u00bb\u00a0\u00bb margin_bottom=\u00a0\u00bb\u00a0\u00bb animation_type=\u00a0\u00bb\u00a0\u00bb animation_direction=\u00a0\u00bbleft\u00a0\u00bb animation_speed=\u00a0\u00bb0.3&Prime; animation_offset=\u00a0\u00bb\u00a0\u00bb last=\u00a0\u00bbno\u00a0\u00bb][fusion_separator style_type=\u00a0\u00bbnone\u00a0\u00bb hide_on_mobile=\u00a0\u00bbsmall-visibility,medium-visibility,large-visibility\u00a0\u00bb class=\u00a0\u00bb\u00a0\u00bb id=\u00a0\u00bb\u00a0\u00bb sep_color=\u00a0\u00bb\u00a0\u00bb top_margin=\u00a0\u00bb\u00a0\u00bb bottom_margin=\u00a0\u00bb30px\u00a0\u00bb border_size=\u00a0\u00bb\u00a0\u00bb icon=\u00a0\u00bb\u00a0\u00bb icon_circle=\u00a0\u00bb\u00a0\u00bb icon_circle_color=\u00a0\u00bb\u00a0\u00bb width=\u00a0\u00bb\u00a0\u00bb alignment=\u00a0\u00bbcenter\u00a0\u00bb \/][fusion_button link=\u00a0\u00bbhttp:\/\/progenbenin.org\/don\/\u00a0\u00bb text_transform=\u00a0\u00bb\u00a0\u00bb title=\u00a0\u00bb\u00a0\u00bb target=\u00a0\u00bb_self\u00a0\u00bb link_attributes=\u00a0\u00bb\u00a0\u00bb alignment=\u00a0\u00bbcenter\u00a0\u00bb modal=\u00a0\u00bb\u00a0\u00bb hide_on_mobile=\u00a0\u00bbsmall-visibility,medium-visibility,large-visibility\u00a0\u00bb class=\u00a0\u00bb\u00a0\u00bb id=\u00a0\u00bb\u00a0\u00bb color=\u00a0\u00bbdefault\u00a0\u00bb button_gradient_top_color=\u00a0\u00bb\u00a0\u00bb button_gradient_bottom_color=\u00a0\u00bb\u00a0\u00bb button_gradient_top_color_hover=\u00a0\u00bb\u00a0\u00bb button_gradient_bottom_color_hover=\u00a0\u00bb\u00a0\u00bb accent_color=\u00a0\u00bb\u00a0\u00bb accent_hover_color=\u00a0\u00bb\u00a0\u00bb type=\u00a0\u00bb\u00a0\u00bb bevel_color=\u00a0\u00bb\u00a0\u00bb border_width=\u00a0\u00bb\u00a0\u00bb size=\u00a0\u00bb\u00a0\u00bb stretch=\u00a0\u00bbdefault\u00a0\u00bb shape=\u00a0\u00bb\u00a0\u00bb icon=\u00a0\u00bb\u00a0\u00bb icon_position=\u00a0\u00bbleft\u00a0\u00bb icon_divider=\u00a0\u00bbno\u00a0\u00bb animation_type=\u00a0\u00bb\u00a0\u00bb animation_direction=\u00a0\u00bbleft\u00a0\u00bb animation_speed=\u00a0\u00bb0.3&Prime; animation_offset=\u00a0\u00bb\u00a0\u00bb]Faire un don[\/fusion_button][\/fusion_builder_column][\/fusion_builder_row][\/fusion_builder_container]<\/p>\n","protected":false},"excerpt":{"rendered":"<p>[fusion_builder_container hundred_percent=\u00a0\u00bbyes\u00a0\u00bb hundred_percent_height=\u00a0\u00bbno\u00a0\u00bb hundred_percent_height_scroll=\u00a0\u00bbno\u00a0\u00bb hundred_percent_height_center_content=\u00a0\u00bbyes\u00a0\u00bb equal_height_columns=\u00a0\u00bbno\u00a0\u00bb menu_anchor=\u00a0\u00bb\u00a0\u00bb hide_on_mobile=\u00a0\u00bbsmall-visibility,medium-visibility,large-visibility\u00a0\u00bb status=\u00a0\u00bbpublished\u00a0\u00bb publish_date=\u00a0\u00bb\u00a0\u00bb [&hellip;]<\/p>\n","protected":false},"author":4,"featured_media":0,"parent":0,"menu_order":0,"comment_status":"closed","ping_status":"closed","template":"100-width.php","meta":{"footnotes":""},"class_list":["post-342","page","type-page","status-publish","hentry"],"_links":{"self":[{"href":"https:\/\/progenbenin.org\/en\/wp-json\/wp\/v2\/pages\/342","targetHints":{"allow":["GET"]}}],"collection":[{"href":"https:\/\/progenbenin.org\/en\/wp-json\/wp\/v2\/pages"}],"about":[{"href":"https:\/\/progenbenin.org\/en\/wp-json\/wp\/v2\/types\/page"}],"author":[{"embeddable":true,"href":"https:\/\/progenbenin.org\/en\/wp-json\/wp\/v2\/users\/4"}],"replies":[{"embeddable":true,"href":"https:\/\/progenbenin.org\/en\/wp-json\/wp\/v2\/comments?post=342"}],"version-history":[{"count":12,"href":"https:\/\/progenbenin.org\/en\/wp-json\/wp\/v2\/pages\/342\/revisions"}],"predecessor-version":[{"id":453,"href":"https:\/\/progenbenin.org\/en\/wp-json\/wp\/v2\/pages\/342\/revisions\/453"}],"wp:attachment":[{"href":"https:\/\/progenbenin.org\/en\/wp-json\/wp\/v2\/media?parent=342"}],"curies":[{"name":"wp","href":"https:\/\/api.w.org\/{rel}","templated":true}]}}